{"id":35618,"date":"2014-10-13T12:04:01","date_gmt":"2014-10-13T10:04:01","guid":{"rendered":"https:\/\/puzzledelahistoria.com\/?page_id=35618"},"modified":"2024-10-09T18:40:02","modified_gmt":"2024-10-09T16:40:02","slug":"credits","status":"publish","type":"page","link":"https:\/\/puzzledelahistoria.com\/?page_id=35618","title":{"rendered":"El Proyecto y su autor"},"content":{"rendered":"\n<p><strong>Tom\u00e1s Allende Riba<\/strong>, nacido el 31 de agosto de 1936 en El Prat de Llobregat, Barcelona. Historiador aficionado que, aprovechando los momentos que le dejaba su fam\u00edlia y su vida profesional, fue tejiendo este proyecto\u00a0durante casi 30 a\u00f1os. Y sigue tejiendo&#8230;<\/p>\n\n\n\n<p><strong>Puzzle de la historia<\/strong> es, en la actualidad, una recopilaci\u00f3n de 33.726 extractos de art\u00edculos de revistas o libros especializados organizados inicialmente en 3.161 temas.<\/p>\n\n\n\n<p>Usted puede construir su propio <strong>puzzle de la historia<\/strong>&nbsp;y organizar las piezas a su criterio, gracias a nuestro buscador de piezas. Seleccione sus propios criterios de b\u00fasqueda y consulte, por ejemplo, los hechos ocurridos durante id\u00e9ntico per\u00edodo de tiempo en distintas zonas de nuestro planeta, los acontecimientos que tuvieron lugar en determinado a\u00f1o o per\u00edodo concreto, etc&#8230; todo ello presentado cronol\u00f3gicamente y completado con ayuda de mapas, documentos y genealog\u00edas.<\/p>\n\n\n\n<p>\u00c9sta es, y no otra, la pretensi\u00f3n de este proyecto. Consultar, leer, aprender sobre historia al mismo tiempo que nos lo pasamos bien creando nuestros propios puzzles al seleccionar las piezas de la historia que queramos unir.<\/p>\n\n\n\n<p><span style=\"color: #999999;\"><em>Es importante dejar clara la&nbsp;condici\u00f3n de historiador aficionado del autor y del propio proyecto a\u00fan habiendo puesto el m\u00e1ximo de los empe\u00f1os en ser lo m\u00e1s as\u00e9ptico en cuanto a influencias externas que puedan condicionar la historia.<\/em><\/span><\/p>\n\n\n\n<p><span style=\"color: #999999;\"><em>Las consultas profesionales o educativas, en cuanto a trabajos escolares se refiere, deben hacerse siempre en los medios proporcionados por los historiadores de profesi\u00f3n como enciclopedias y libros especializados.<\/em><\/span><\/p>\n\n\n\n<p>Para aclaraciones, consultas\u00a0u\u00a0opiniones pueden ponerse en contacto con nosotros en el\u00a0correo electr\u00f3nico:<br><a href=\"mailto:puzzle@puzzledelahistoria.com\">puzzle@puzzledelahistoria.com<\/a><\/p>\n\n\n\n<p>Otros sitios del autor:<br><a href=\"http:\/\/doctrinatestigos.blogspot.com.es\/\">TESTIGOS DE JEHOV\u00c1. An\u00e1lisis de su doctrina.<\/a><\/p>\n\n\n\n<p>Dise\u00f1o y programaci\u00f3n web: <a href=\"http:\/\/www.allende-daroca.com\">David Allende i Daroca<\/a><\/p>\n\n\n\n<p><\/p>\n","protected":false},"excerpt":{"rendered":"<p>Tom\u00e1s Allende Riba, nacido el 31 de agosto de 1936 en El Prat de Llobregat, Barcelona. Historiador aficionado que, aprovechando los momentos que le dejaba su fam\u00edlia y su vida profesional, fue tejiendo este proyecto\u00a0durante casi 30 a\u00f1os. Y sigue tejiendo&#8230; Puzzle de la historia es, en la actualidad, una recopilaci\u00f3n de extractos de art\u00edculos [&hellip;]<\/p>\n","protected":false},"author":4,"featured_media":0,"parent":0,"menu_order":0,"comment_status":"closed","ping_status":"open","template":"","meta":{"footnotes":""},"class_list":["post-35618","page","type-page","status-publish","hentry"],"_links":{"self":[{"href":"https:\/\/puzzledelahistoria.com\/index.php?rest_route=\/wp\/v2\/pages\/35618"}],"collection":[{"href":"https:\/\/puzzledelahistoria.com\/index.php?rest_route=\/wp\/v2\/pages"}],"about":[{"href":"https:\/\/puzzledelahistoria.com\/index.php?rest_route=\/wp\/v2\/types\/page"}],"author":[{"embeddable":true,"href":"https:\/\/puzzledelahistoria.com\/index.php?rest_route=\/wp\/v2\/users\/4"}],"replies":[{"embeddable":true,"href":"https:\/\/puzzledelahistoria.com\/index.php?rest_route=%2Fwp%2Fv2%2Fcomments&post=35618"}],"version-history":[{"count":26,"href":"https:\/\/puzzledelahistoria.com\/index.php?rest_route=\/wp\/v2\/pages\/35618\/revisions"}],"predecessor-version":[{"id":55523,"href":"https:\/\/puzzledelahistoria.com\/index.php?rest_route=\/wp\/v2\/pages\/35618\/revisions\/55523"}],"wp:attachment":[{"href":"https:\/\/puzzledelahistoria.com\/index.php?rest_route=%2Fwp%2Fv2%2Fmedia&parent=35618"}],"curies":[{"name":"wp","href":"https:\/\/api.w.org\/{rel}","templated":true}]}}